{"id":8663,"date":"2026-03-31T12:08:18","date_gmt":"2026-03-31T12:08:18","guid":{"rendered":"https:\/\/concept2.cz\/new\/?page_id=8663"},"modified":"2026-04-01T18:03:18","modified_gmt":"2026-04-01T18:03:18","slug":"garmin","status":"publish","type":"page","link":"https:\/\/concept2.cz\/en\/garmin\/","title":{"rendered":"Garmin"},"content":{"rendered":"\t\t<div data-elementor-type=\"wp-page\" data-elementor-id=\"8663\" class=\"elementor elementor-8663\" wpc-filter-elementor-widget=\"1\" data-elementor-post-type=\"page\">\n\t\t\t\t<div class=\"elementor-element elementor-element-efea989 e-flex e-con-boxed wpr-particle-no wpr-jarallax-no wpr-parallax-no wpr-sticky-section-no e-con e-parent\" data-id=\"efea989\" data-element_type=\"container\" data-e-type=\"container\">\n\t\t\t\t\t<div class=\"e-con-inner\">\n\t\t\t\t<div class=\"elementor-element elementor-element-75ba4b9 elementor-widget elementor-widget-heading\" data-id=\"75ba4b9\" data-element_type=\"widget\" data-e-type=\"widget\" data-widget_type=\"heading.default\">\n\t\t\t\t<div class=\"elementor-widget-container\">\n\t\t\t\t\t<h2 class=\"elementor-heading-title elementor-size-default\">Garmin<\/h2>\t\t\t\t<\/div>\n\t\t\t\t<\/div>\n\t\t\t\t<div class=\"elementor-element elementor-element-3f21d5a elementor-widget elementor-widget-text-editor\" data-id=\"3f21d5a\" data-element_type=\"widget\" data-e-type=\"widget\" data-widget_type=\"text-editor.default\">\n\t\t\t\t<div class=\"elementor-widget-container\">\n\t\t\t\t\t\t\t\t\tTo connect your PM5 monitor to a smartwatch, we recommend the Garmin brand, which you can purchase on the website of the exclusive supplier garmin.cz or try in person at the Koscom store (at <a href=\"https:\/\/www.google.com\/maps\/place\/data=!4m2!3m1!1s0x470b94bfd7c65e09:0x772c72d857e466ca?sa=X&amp;ved=1t:8290&amp;ictx=111\">Florentinum Na Po\u0159\u00ed\u010d\u00ed 1048 30, Florenc, 110 00 Prague<\/a>), where trained salespeople will be at your service.\n\nRely on us, on the Concept2 brand, and they will take care of you!\t\t\t\t\t\t\t\t<\/div>\n\t\t\t\t<\/div>\n\t\t\t\t<div class=\"elementor-element elementor-element-88a68ea elementor-widget elementor-widget-button\" data-id=\"88a68ea\" data-element_type=\"widget\" data-e-type=\"widget\" data-widget_type=\"button.default\">\n\t\t\t\t<div class=\"elementor-widget-container\">\n\t\t\t\t\t\t\t\t\t<div class=\"elementor-button-wrapper\">\n\t\t\t\t\t<a class=\"elementor-button elementor-button-link elementor-size-sm\" href=\"http:\/\/garmin.cz\" target=\"_blank\">\n\t\t\t\t\t\t<span class=\"elementor-button-content-wrapper\">\n\t\t\t\t\t\t\t\t\t<span class=\"elementor-button-text\">Explore Garmin Products<\/span>\n\t\t\t\t\t<\/span>\n\t\t\t\t\t<\/a>\n\t\t\t\t<\/div>\n\t\t\t\t\t\t\t\t<\/div>\n\t\t\t\t<\/div>\n\t\t\t\t\t<\/div>\n\t\t\t\t<\/div>\n\t\t\t\t<\/div>\n\t\t","protected":false},"excerpt":{"rendered":"<p>Garmin To connect your PM5 monitor to a smartwatch, we recommend the Garmin brand, which you can purchase on the website of the exclusive supplier garmin.cz or try in person at the Koscom store (at Florentinum Na Po\u0159\u00ed\u010d\u00ed 1048 30, Florenc, 110 00 Prague), where trained salespeople will be at your service. Rely on us, on the Concept2 brand, and they will take care of you! Explore Garmin Products<\/p>\n","protected":false},"author":7,"featured_media":0,"parent":0,"menu_order":0,"comment_status":"closed","ping_status":"closed","template":"","meta":{"footnotes":""},"class_list":["post-8663","page","type-page","status-publish","hentry"],"_links":{"self":[{"href":"https:\/\/concept2.cz\/en\/wp-json\/wp\/v2\/pages\/8663","targetHints":{"allow":["GET"]}}],"collection":[{"href":"https:\/\/concept2.cz\/en\/wp-json\/wp\/v2\/pages"}],"about":[{"href":"https:\/\/concept2.cz\/en\/wp-json\/wp\/v2\/types\/page"}],"author":[{"embeddable":true,"href":"https:\/\/concept2.cz\/en\/wp-json\/wp\/v2\/users\/7"}],"replies":[{"embeddable":true,"href":"https:\/\/concept2.cz\/en\/wp-json\/wp\/v2\/comments?post=8663"}],"version-history":[{"count":0,"href":"https:\/\/concept2.cz\/en\/wp-json\/wp\/v2\/pages\/8663\/revisions"}],"wp:attachment":[{"href":"https:\/\/concept2.cz\/en\/wp-json\/wp\/v2\/media?parent=8663"}],"curies":[{"name":"wp","href":"https:\/\/api.w.org\/{rel}","templated":true}]}}